{"id":78,"date":"2018-03-27T13:57:00","date_gmt":"2018-03-27T11:57:00","guid":{"rendered":"http:\/\/naturalife.be\/?page_id=78"},"modified":"2018-03-27T16:02:28","modified_gmt":"2018-03-27T14:02:28","slug":"realisations","status":"publish","type":"page","link":"https:\/\/naturalife.be\/?page_id=78","title":{"rendered":"R\u00e9alisations"},"content":{"rendered":"<p style=\"text-align: center;\"><strong>Photos<\/strong><br \/>\n<div id=\"metaslider-id-194\" style=\"max-width: 960px; margin: 0 auto;\" class=\"ml-slider-3-25-2 metaslider metaslider-responsive metaslider-194 ml-slider\">\n    <div id=\"metaslider_container_194\">\n        <ul id='metaslider_194' class='rslides'>\n            <li><img src=\"https:\/\/naturalife.be\/wp-content\/uploads\/2018\/03\/23376899_1501697033246174_1481086827_o-1-960x720.jpg\" height=\"720\" width=\"960\" alt=\"\" class=\"slider-194 slide-196\" title=\"23376899_1501697033246174_1481086827_o\" \/><div class=\"caption-wrap\"><div class=\"caption\">D\u00e9montage<\/div><\/div><\/li>\n            <li style='display: none;'><img src=\"https:\/\/naturalife.be\/wp-content\/uploads\/2018\/03\/22553409_1026667570806239_1834499587_o-960x720.jpg\" height=\"720\" width=\"960\" alt=\"\" class=\"slider-194 slide-197\" title=\"22553409_1026667570806239_1834499587_o\" \/><div class=\"caption-wrap\"><div class=\"caption\">Assistant<\/div><\/div><\/li>\n            <li style='display: none;'><img src=\"https:\/\/naturalife.be\/wp-content\/uploads\/2018\/03\/22532328_1026667524139577_558801063_o-960x720.jpg\" height=\"720\" width=\"960\" alt=\"\" class=\"slider-194 slide-198\" title=\"22532328_1026667524139577_558801063_o\" \/><\/li>\n            <li style='display: none;'><img src=\"https:\/\/naturalife.be\/wp-content\/uploads\/2018\/03\/22281475_10154960244037548_635220585_o-960x720.jpg\" height=\"720\" width=\"960\" alt=\"\" class=\"slider-194 slide-200\" title=\"22281475_10154960244037548_635220585_o\" \/><div class=\"caption-wrap\"><div class=\"caption\">Cr\u00e9ation, avant<\/div><\/div><\/li>\n            <li style='display: none;'><img src=\"https:\/\/naturalife.be\/wp-content\/uploads\/2018\/03\/22311898_10154962472707548_1686091261_o-960x720.jpg\" height=\"720\" width=\"960\" alt=\"\" class=\"slider-194 slide-199\" title=\"22311898_10154962472707548_1686091261_o\" \/><div class=\"caption-wrap\"><div class=\"caption\">Cr\u00e9ation, ar\u00e8s <\/div><\/div><\/li>\n            <li style='display: none;'><img src=\"https:\/\/naturalife.be\/wp-content\/uploads\/2018\/03\/22256444_1524622757576438_7298136714393183537_o-960x720.jpg\" height=\"720\" width=\"960\" alt=\"\" class=\"slider-194 slide-201\" title=\"22256444_1524622757576438_7298136714393183537_o\" \/><div class=\"caption-wrap\"><div class=\"caption\">Prise de hauteur <\/div><\/div><\/li>\n            <li style='display: none;'><img src=\"https:\/\/naturalife.be\/wp-content\/uploads\/2018\/03\/20180326_143714-960x720.jpg\" height=\"720\" width=\"960\" alt=\"\" class=\"slider-194 slide-204\" title=\"20180326_143714\" \/><div class=\"caption-wrap\"><div class=\"caption\">Eclatement des taupi\u00e8res (m\u00e9canique)<\/div><\/div><\/li>\n            <li style='display: none;'><img src=\"https:\/\/naturalife.be\/wp-content\/uploads\/2018\/03\/20180326_144344-960x720.jpg\" height=\"720\" width=\"960\" alt=\"\" class=\"slider-194 slide-203\" title=\"20180326_144344\" \/><div class=\"caption-wrap\"><div class=\"caption\">Eclatement des taupi\u00e8res (m\u00e9canique)<\/div><\/div><\/li>\n            <li style='display: none;'><img src=\"https:\/\/naturalife.be\/wp-content\/uploads\/2018\/03\/20180321_141630-960x720.jpg\" height=\"720\" width=\"960\" alt=\"\" class=\"slider-194 slide-205\" title=\"20180321_141630\" \/><div class=\"caption-wrap\"><div class=\"caption\">Remis en \u00e9tat d'un parking en gravier<\/div><\/div><\/li>\n            <li style='display: none;'><img src=\"https:\/\/naturalife.be\/wp-content\/uploads\/2018\/03\/20180318_163922-960x720.jpg\" height=\"720\" width=\"960\" alt=\"\" class=\"slider-194 slide-207\" title=\"20180318_163922\" \/><div class=\"caption-wrap\"><div class=\"caption\">Cr\u00e9ation, avant<\/div><\/div><\/li>\n            <li style='display: none;'><img src=\"https:\/\/naturalife.be\/wp-content\/uploads\/2018\/03\/20180320_185404-960x720.jpg\" height=\"720\" width=\"960\" alt=\"\" class=\"slider-194 slide-206\" title=\"20180320_185404\" \/><div class=\"caption-wrap\"><div class=\"caption\">cr\u00e9ation, apr\u00e8s<\/div><\/div><\/li>\n            <li style='display: none;'><img src=\"https:\/\/naturalife.be\/wp-content\/uploads\/2018\/03\/20180310_085433-960x720.jpg\" height=\"720\" width=\"960\" alt=\"\" class=\"slider-194 slide-209\" title=\"20180310_085433\" \/><div class=\"caption-wrap\"><div class=\"caption\">Mise en place de cl\u00f4tures, avant<\/div><\/div><\/li>\n            <li style='display: none;'><img src=\"https:\/\/naturalife.be\/wp-content\/uploads\/2018\/03\/20180310_171055-960x720.jpg\" height=\"720\" width=\"960\" alt=\"\" class=\"slider-194 slide-208\" title=\"20180310_171055\" \/><div class=\"caption-wrap\"><div class=\"caption\">Mise en place de cl\u00f4tures, apr\u00e8s<\/div><\/div><\/li>\n            <li style='display: none;'><img src=\"https:\/\/naturalife.be\/wp-content\/uploads\/2018\/03\/20170822_081848-e1522156775102-960x720.jpg\" height=\"720\" width=\"960\" alt=\"\" class=\"slider-194 slide-211\" title=\"20170822_081848\" \/><div class=\"caption-wrap\"><div class=\"caption\">Terrassement + cr\u00e9ation, avant<\/div><\/div><\/li>\n            <li style='display: none;'><img src=\"https:\/\/naturalife.be\/wp-content\/uploads\/2018\/03\/20170825_121430-960x720.jpg\" height=\"720\" width=\"960\" alt=\"\" class=\"slider-194 slide-210\" title=\"20170825_121430\" \/><div class=\"caption-wrap\"><div class=\"caption\">Terrassement + cr\u00e9ation, apr\u00e8s<\/div><\/div><\/li>\n            <li style='display: none;'><img src=\"https:\/\/naturalife.be\/wp-content\/uploads\/2018\/03\/21191231_10154860688517548_656678548_o-960x720.jpg\" height=\"720\" width=\"960\" alt=\"\" class=\"slider-194 slide-202\" title=\"21191231_10154860688517548_656678548_o\" \/><div class=\"caption-wrap\"><div class=\"caption\">Terrassement + cr\u00e9ation, apr\u00e8s<\/div><\/div><\/li>\n            <li style='display: none;'><img src=\"https:\/\/naturalife.be\/wp-content\/uploads\/2018\/03\/20170323_094311-960x720.jpg\" height=\"720\" width=\"960\" alt=\"\" class=\"slider-194 slide-212\" title=\"20170323_094311\" \/><div class=\"caption-wrap\"><div class=\"caption\">Scarification<\/div><\/div><\/li>\n            <li style='display: none;'><img src=\"https:\/\/naturalife.be\/wp-content\/uploads\/2018\/03\/20170317_143713-960x720.jpg\" height=\"720\" width=\"960\" alt=\"\" class=\"slider-194 slide-213\" title=\"20170317_143713\" \/><div class=\"caption-wrap\"><div class=\"caption\">Mise en place de gazon en rouleaux<\/div><\/div><\/li>\n            <li style='display: none;'><img src=\"https:\/\/naturalife.be\/wp-content\/uploads\/2018\/03\/20170213_115303-e1522156691663-960x720.jpg\" height=\"720\" width=\"960\" alt=\"\" class=\"slider-194 slide-214\" title=\"20170213_115303\" \/><div class=\"caption-wrap\"><div class=\"caption\">Terrassement acc\u00e8s autopompe pomper<\/div><\/div><\/li>\n            <li style='display: none;'><img src=\"https:\/\/naturalife.be\/wp-content\/uploads\/2018\/03\/20161025_100920-960x720.jpg\" height=\"720\" width=\"960\" alt=\"\" class=\"slider-194 slide-215\" title=\"20161025_100920\" \/><div class=\"caption-wrap\"><div class=\"caption\">Suppression de souches<\/div><\/div><\/li>\n            <li style='display: none;'><img src=\"https:\/\/naturalife.be\/wp-content\/uploads\/2018\/03\/16732079_1792590817659335_885607799_o-960x720.jpg\" height=\"720\" width=\"960\" alt=\"\" class=\"slider-194 slide-216\" title=\"16732079_1792590817659335_885607799_o\" \/><div class=\"caption-wrap\"><div class=\"caption\">d\u00e9montage<\/div><\/div><\/li>\n            <li style='display: none;'><img src=\"https:\/\/naturalife.be\/wp-content\/uploads\/2018\/03\/13962806_1128655547173163_5825512976596574707_o-960x720.jpg\" height=\"720\" width=\"960\" alt=\"\" class=\"slider-194 slide-217\" title=\"13962806_1128655547173163_5825512976596574707_o\" \/><div class=\"caption-wrap\"><div class=\"caption\">r\u00e9alisation d'une petite terrasse en pav\u00e9<\/div><\/div><\/li>\n            <li style='display: none;'><img src=\"https:\/\/naturalife.be\/wp-content\/uploads\/2018\/03\/13653105_1135678939804157_6812167574264930916_o-960x720.jpg\" height=\"720\" width=\"960\" alt=\"\" class=\"slider-194 slide-218\" title=\"13653105_1135678939804157_6812167574264930916_o\" \/><div class=\"caption-wrap\"><div class=\"caption\">Remise en \u00e9tat de trottoir <\/div><\/div><\/li>\n            <li style='display: none;'><img src=\"https:\/\/naturalife.be\/wp-content\/uploads\/2018\/03\/13558836_1100984836606901_6883269698586819471_o-960x720.jpg\" height=\"720\" width=\"960\" alt=\"\" class=\"slider-194 slide-219\" title=\"13558836_1100984836606901_6883269698586819471_o\" \/><div class=\"caption-wrap\"><div class=\"caption\">Entretien r\u00e9gulier suite \u00e0 la pose de gazon en rouleaux<\/div><\/div><\/li>\n            <li style='display: none;'><img src=\"https:\/\/naturalife.be\/wp-content\/uploads\/2018\/03\/12901137_1047419261963459_5603737315258077362_o-960x720.jpg\" height=\"720\" width=\"960\" alt=\"\" class=\"slider-194 slide-220\" title=\"12901137_1047419261963459_5603737315258077362_o\" \/><div class=\"caption-wrap\"><div class=\"caption\">Mat\u00e9riel <\/div><\/div><\/li>\n            <li style='display: none;'><img src=\"https:\/\/naturalife.be\/wp-content\/uploads\/2018\/11\/20181124_154402-960x720.jpg\" height=\"720\" width=\"960\" alt=\"\" class=\"slider-194 slide-292\" title=\"20181124_154402\" \/><\/li>\n            <li style='display: none;'><img src=\"https:\/\/naturalife.be\/wp-content\/uploads\/2018\/11\/20180427_085757-960x720.jpg\" height=\"720\" width=\"960\" alt=\"\" class=\"slider-194 slide-293\" title=\"20180427_085757\" \/><\/li>\n            <li style='display: none;'><img src=\"https:\/\/naturalife.be\/wp-content\/uploads\/2018\/11\/20180622_100340-960x720.jpg\" height=\"720\" width=\"960\" alt=\"\" class=\"slider-194 slide-294\" title=\"20180622_100340\" \/><\/li>\n            <li style='display: none;'><img src=\"https:\/\/naturalife.be\/wp-content\/uploads\/2018\/11\/20180622_141555-960x720.jpg\" height=\"720\" width=\"960\" alt=\"\" class=\"slider-194 slide-295\" title=\"20180622_141555\" \/><\/li>\n        <\/ul>\n        \n    <\/div>\n<\/div><\/p>\n<p style=\"text-align: center;\"><strong>Vid\u00e9os<\/strong><\/p>\n<p style=\"text-align: center;\">\n<div id=\"fb-root\"><\/div>\n<p><script>(function(d, s, id) {  var js, fjs = d.getElementsByTagName(s)[0];  if (d.getElementById(id)) return;  js = d.createElement(s); js.id = id;  js.src = 'https:\/\/connect.facebook.net\/fr_FR\/sdk.js#xfbml=1&version=v2.12';  fjs.parentNode.insertBefore(js, fjs);}(document, 'script', 'facebook-jssdk'));<\/script><\/p>\n<div class=\"fb-video\" data-href=\"https:\/\/www.facebook.com\/1047405815298137\/videos\/1496251993746848\/\" data-width=\"640\">\n<blockquote cite=\"https:\/\/www.facebook.com\/1047405815298137\/videos\/1496251993746848\/\" class=\"fb-xfbml-parse-ignore\"><p><a href=\"https:\/\/www.facebook.com\/1047405815298137\/videos\/1496251993746848\/\">Cr\u00e9ation de jardin ! Time-lapse<\/a><\/p>\n<p>Publi\u00e9 par <a href=\"https:\/\/www.facebook.com\/Naturalife-1047405815298137\/\">Naturalife<\/a> sur vendredi 1 septembre 2017<\/p><\/blockquote>\n<\/div>\n<p style=\"text-align: center;\">\n<div id=\"fb-root\"><\/div>\n<p><script>(function(d, s, id) {  var js, fjs = d.getElementsByTagName(s)[0];  if (d.getElementById(id)) return;  js = d.createElement(s); js.id = id;  js.src = 'https:\/\/connect.facebook.net\/fr_FR\/sdk.js#xfbml=1&version=v2.12';  fjs.parentNode.insertBefore(js, fjs);}(document, 'script', 'facebook-jssdk'));<\/script><\/p>\n<div class=\"fb-video\" data-href=\"https:\/\/www.facebook.com\/1047405815298137\/videos\/1461661207205927\/\" data-width=\"640\">\n<blockquote cite=\"https:\/\/www.facebook.com\/1047405815298137\/videos\/1461661207205927\/\" class=\"fb-xfbml-parse-ignore\"><p><a href=\"https:\/\/www.facebook.com\/1047405815298137\/videos\/1461661207205927\/\">Terrassement acces pompier<\/a><\/p>\n<p>Naturalife r\u00e9alise tout vos travaux ! ici un terrassement afin de cr\u00e9er un acc\u00e8s pour que les pompiers puisse utiliser l&#039;eau d&#039;une ancienne carri\u00e8re en cas d&#039;incendie.<\/p>\n<p>Publi\u00e9 par <a href=\"https:\/\/www.facebook.com\/Naturalife-1047405815298137\/\">Naturalife<\/a> sur lundi 24 juillet 2017<\/p><\/blockquote>\n<\/div>\n<p style=\"text-align: center;\">\n<div id=\"fb-root\"><\/div>\n<p><script>(function(d, s, id) {  var js, fjs = d.getElementsByTagName(s)[0];  if (d.getElementById(id)) return;  js = d.createElement(s); js.id = id;  js.src = 'https:\/\/connect.facebook.net\/fr_FR\/sdk.js#xfbml=1&version=v2.12';  fjs.parentNode.insertBefore(js, fjs);}(document, 'script', 'facebook-jssdk'));<\/script><\/p>\n<div class=\"fb-video\" data-href=\"https:\/\/www.facebook.com\/1047405815298137\/videos\/1534703096568404\/\" data-width=\"640\">\n<blockquote cite=\"https:\/\/www.facebook.com\/1047405815298137\/videos\/1534703096568404\/\" class=\"fb-xfbml-parse-ignore\"><p><a href=\"https:\/\/www.facebook.com\/1047405815298137\/videos\/1534703096568404\/\">D\u00e9montage marronnier<\/a><\/p>\n<p>Apr\u00e8s la casse d&#039;une grosse section nous avons d\u00fb intervenir afin de d\u00e9monter en toute s\u00e9curit\u00e9 ce marronnier en \u00e9corce incluse et affaiblis par la maladie. c&#039;est avec peu de place au sol que nous l&#039;avons d\u00e9mont\u00e9 en grosse partie par r\u00e9tention \u00e9tant donner la pr\u00e9sence de plusieurs palissades au pied de l\u2019arbre.<\/p>\n<p>Publi\u00e9 par <a href=\"https:\/\/www.facebook.com\/Naturalife-1047405815298137\/\">Naturalife<\/a> sur samedi 14 octobre 2017<\/p><\/blockquote>\n<\/div>\n<p style=\"text-align: center;\">\n<div id=\"fb-root\"><\/div>\n<p><script>(function(d, s, id) {  var js, fjs = d.getElementsByTagName(s)[0];  if (d.getElementById(id)) return;  js = d.createElement(s); js.id = id;  js.src = 'https:\/\/connect.facebook.net\/fr_FR\/sdk.js#xfbml=1&version=v2.12';  fjs.parentNode.insertBefore(js, fjs);}(document, 'script', 'facebook-jssdk'));<\/script><\/p>\n<div class=\"fb-video\" data-href=\"https:\/\/www.facebook.com\/1047405815298137\/videos\/1128694590502592\/\" data-width=\"640\">\n<blockquote cite=\"https:\/\/www.facebook.com\/1047405815298137\/videos\/1128694590502592\/\" class=\"fb-xfbml-parse-ignore\"><p><a href=\"https:\/\/www.facebook.com\/1047405815298137\/videos\/1128694590502592\/\">Terrassement Ao\u00fbt 2016<\/a><\/p>\n<p>Enl\u00e8vement d&#039;une ancienne terrasse en bois.Mise en place de nouvelles fondation et pavage en Pav\u00e9 22*11 Marlux Beige.Cr\u00e9ation d&#039;un parterre le long de la v\u00e9randa.&quot; Avec vous, nous cr\u00e9ons pas \u00e0 pas vos am\u00e9nagements ext\u00e9rieurs selon vos envies et votre budget.Nous r\u00e9alisons les travaux dans le respect de votre environnement et de la nature. De votre pelouse \u00e0 vos terrasses, tout en passant par vos cl\u00f4tures et palissades, Naturalife \u00e0 la solution pour vous.&quot;<\/p>\n<p>Publi\u00e9 par <a href=\"https:\/\/www.facebook.com\/Naturalife-1047405815298137\/\">Naturalife<\/a> sur lundi 15 ao\u00fbt 2016<\/p><\/blockquote>\n<\/div>\n<p style=\"text-align: center;\">\n<div id=\"fb-root\"><\/div>\n<p><script>(function(d, s, id) {  var js, fjs = d.getElementsByTagName(s)[0];  if (d.getElementById(id)) return;  js = d.createElement(s); js.id = id;  js.src = 'https:\/\/connect.facebook.net\/fr_FR\/sdk.js#xfbml=1&version=v2.12';  fjs.parentNode.insertBefore(js, fjs);}(document, 'script', 'facebook-jssdk'));<\/script><\/p>\n<div class=\"fb-video\" data-href=\"https:\/\/www.facebook.com\/1047405815298137\/videos\/1121461597892558\/\" data-width=\"640\">\n<blockquote cite=\"https:\/\/www.facebook.com\/1047405815298137\/videos\/1121461597892558\/\" class=\"fb-xfbml-parse-ignore\"><p><a href=\"https:\/\/www.facebook.com\/1047405815298137\/videos\/1121461597892558\/\">D\u00e9montage et \u00e9vacuation d&#039;un sapin.<\/a><\/p>\n<p>Quand ArboriSens et Naturalife coop\u00e8re pour r\u00e9alis\u00e9 un travail rapide et de qualit\u00e9 ! Association familial qui fonctionne et fait des miracles !<\/p>\n<p>Publi\u00e9 par <a href=\"https:\/\/www.facebook.com\/Naturalife-1047405815298137\/\">Naturalife<\/a> sur vendredi 5 ao\u00fbt 2016<\/p><\/blockquote>\n<\/div>\n","protected":false},"excerpt":{"rendered":"<p>Photos Vid\u00e9os Cr\u00e9ation de jardin ! Time-lapse Publi\u00e9 par Naturalife sur vendredi 1 septembre 2017 Terrassement acces pompier Naturalife r\u00e9alise tout vos travaux ! ici un terrassement afin de cr\u00e9er un acc\u00e8s pour que les pompiers puisse utiliser l&#039;eau d&#039;une ancienne carri\u00e8re en cas d&#039;incendie. Publi\u00e9 par Naturalife sur lundi 24 juillet 2017 D\u00e9montage marronnier [&hellip;]<\/p>\n","protected":false},"author":1,"featured_media":0,"parent":0,"menu_order":0,"comment_status":"closed","ping_status":"closed","template":"","meta":[],"_links":{"self":[{"href":"https:\/\/naturalife.be\/index.php?rest_route=\/wp\/v2\/pages\/78"}],"collection":[{"href":"https:\/\/naturalife.be\/index.php?rest_route=\/wp\/v2\/pages"}],"about":[{"href":"https:\/\/naturalife.be\/index.php?rest_route=\/wp\/v2\/types\/page"}],"author":[{"embeddable":true,"href":"https:\/\/naturalife.be\/index.php?rest_route=\/wp\/v2\/users\/1"}],"replies":[{"embeddable":true,"href":"https:\/\/naturalife.be\/index.php?rest_route=%2Fwp%2Fv2%2Fcomments&post=78"}],"version-history":[{"count":7,"href":"https:\/\/naturalife.be\/index.php?rest_route=\/wp\/v2\/pages\/78\/revisions"}],"predecessor-version":[{"id":224,"href":"https:\/\/naturalife.be\/index.php?rest_route=\/wp\/v2\/pages\/78\/revisions\/224"}],"wp:attachment":[{"href":"https:\/\/naturalife.be\/index.php?rest_route=%2Fwp%2Fv2%2Fmedia&parent=78"}],"curies":[{"name":"wp","href":"https:\/\/api.w.org\/{rel}","templated":true}]}}