{"id":17,"date":"2018-03-27T12:24:49","date_gmt":"2018-03-27T10:24:49","guid":{"rendered":"http:\/\/naturalife.be\/?page_id=17"},"modified":"2018-08-29T17:44:30","modified_gmt":"2018-08-29T15:44:30","slug":"a-propos-de","status":"publish","type":"page","link":"https:\/\/naturalife.be\/?page_id=17","title":{"rendered":"\u00c0 propos de"},"content":{"rendered":"<p>Ind\u00e9pendant\u00a0 depuis plusieurs ann\u00e9es, je mets \u00e0 votre service mon exp\u00e9rience dans la cr\u00e9ation et l&#8217;entretien de jardin.<\/p>\n<p>Form\u00e9 \u00e0 Gembloux dans l&#8217;une des plus grandes \u00e9coles horticole de Belgique, j&#8217;ai forg\u00e9 mes connaissances\u00a0dans diff\u00e9rentes entreprises.<\/p>\n<p>Passionn\u00e9 par mon m\u00e9tier, j&#8217;aime partager mes connaissances avec des personnes qui n&#8217;ont pas toujours eu un parcours facile, c&#8217;est pour cela que je travaille \u00e9galement r\u00e9guli\u00e8rement avec des entreprises de travail adapt\u00e9 et de r\u00e9insertion socio-professionnelle.<\/p>\n<p>j&#8217;ai d\u00e9cid\u00e9 de faire de &#8220;Naturalife&#8221; une entreprise polyvalente afin de vous offrir un service complet et de qualit\u00e9 avec un contact simple et rapide.<\/p>\n<p>Tous les travaux son r\u00e9alis\u00e9s dans le respect de la nature.<\/p>\n<p>les images\u00a0valent mieux que mille mots, pour cela je vous invite \u00e0 regarder nos <a href=\"http:\/\/naturalife.be\/?page_id=78\">r\u00e9alisations\u00a0<\/a>\u00a0afin que vous puissiez les voir de vous m\u00eame !<\/p>\n<p>&nbsp;<\/p>\n","protected":false},"excerpt":{"rendered":"<p>Ind\u00e9pendant\u00a0 depuis plusieurs ann\u00e9es, je mets \u00e0 votre service mon exp\u00e9rience dans la cr\u00e9ation et l&#8217;entretien de jardin. Form\u00e9 \u00e0 Gembloux dans l&#8217;une des plus grandes \u00e9coles horticole de Belgique, j&#8217;ai forg\u00e9 mes connaissances\u00a0dans diff\u00e9rentes entreprises. Passionn\u00e9 par mon m\u00e9tier, j&#8217;aime partager mes connaissances avec des personnes qui n&#8217;ont pas toujours eu un parcours facile, [&hellip;]<\/p>\n","protected":false},"author":1,"featured_media":226,"parent":0,"menu_order":0,"comment_status":"closed","ping_status":"closed","template":"","meta":[],"_links":{"self":[{"href":"https:\/\/naturalife.be\/index.php?rest_route=\/wp\/v2\/pages\/17"}],"collection":[{"href":"https:\/\/naturalife.be\/index.php?rest_route=\/wp\/v2\/pages"}],"about":[{"href":"https:\/\/naturalife.be\/index.php?rest_route=\/wp\/v2\/types\/page"}],"author":[{"embeddable":true,"href":"https:\/\/naturalife.be\/index.php?rest_route=\/wp\/v2\/users\/1"}],"replies":[{"embeddable":true,"href":"https:\/\/naturalife.be\/index.php?rest_route=%2Fwp%2Fv2%2Fcomments&post=17"}],"version-history":[{"count":8,"href":"https:\/\/naturalife.be\/index.php?rest_route=\/wp\/v2\/pages\/17\/revisions"}],"predecessor-version":[{"id":260,"href":"https:\/\/naturalife.be\/index.php?rest_route=\/wp\/v2\/pages\/17\/revisions\/260"}],"wp:featuredmedia":[{"embeddable":true,"href":"https:\/\/naturalife.be\/index.php?rest_route=\/wp\/v2\/media\/226"}],"wp:attachment":[{"href":"https:\/\/naturalife.be\/index.php?rest_route=%2Fwp%2Fv2%2Fmedia&parent=17"}],"curies":[{"name":"wp","href":"https:\/\/api.w.org\/{rel}","templated":true}]}}