{"id":16,"date":"2018-03-27T12:24:49","date_gmt":"2018-03-27T10:24:49","guid":{"rendered":"http:\/\/naturalife.be\/?page_id=16"},"modified":"2019-05-11T15:15:28","modified_gmt":"2019-05-11T13:15:28","slug":"accueil","status":"publish","type":"page","link":"https:\/\/naturalife.be\/","title":{"rendered":"Accueil"},"content":{"rendered":"<p>Entretien et cr\u00e9ation de jardin.<\/p>\n<p>Avec vous, nous cr\u00e9ons pas \u00e0 pas vos am\u00e9nagements ext\u00e9rieurs selon vos envies et votre budget.<\/p>\n<p>Nous r\u00e9alisons les travaux dans le respect de votre environnement et de la nature. Que ce soit pour l&#8217;entretien de votre jardin, la cr\u00e9ation de nouveaux espaces verts ou l&#8217;\u00e9lagage de vos arbres. Naturalife \u00e0 la solution pour vous !<\/p>\n<p><!-- Load Facebook SDK for JavaScript --><\/p>\n<div id=\"fb-root\"><\/div>\n<p><!-- Your customer chat code --><\/p>\n<div class=\"fb-customerchat\"><img loading=\"lazy\" class=\"wp-image-306 aligncenter\" src=\"http:\/\/naturalife.be\/wp-content\/uploads\/2019\/05\/logo-2.jpg\" alt=\"\" width=\"293\" height=\"374\" srcset=\"https:\/\/naturalife.be\/wp-content\/uploads\/2019\/05\/logo-2.jpg 1202w, https:\/\/naturalife.be\/wp-content\/uploads\/2019\/05\/logo-2-235x300.jpg 235w, https:\/\/naturalife.be\/wp-content\/uploads\/2019\/05\/logo-2-768x979.jpg 768w, https:\/\/naturalife.be\/wp-content\/uploads\/2019\/05\/logo-2-803x1024.jpg 803w, https:\/\/naturalife.be\/wp-content\/uploads\/2019\/05\/logo-2-282x360.jpg 282w\" sizes=\"(max-width: 293px) 100vw, 293px\" \/><\/div>\n","protected":false},"excerpt":{"rendered":"<p>Entretien et cr\u00e9ation de jardin. Avec vous, nous cr\u00e9ons pas \u00e0 pas vos am\u00e9nagements ext\u00e9rieurs selon vos envies et votre budget. Nous r\u00e9alisons les travaux dans le respect de votre environnement et de la nature. Que ce soit pour l&#8217;entretien de votre jardin, la cr\u00e9ation de nouveaux espaces verts ou l&#8217;\u00e9lagage de vos arbres. Naturalife [&hellip;]<\/p>\n","protected":false},"author":1,"featured_media":138,"parent":78,"menu_order":0,"comment_status":"closed","ping_status":"closed","template":"","meta":[],"_links":{"self":[{"href":"https:\/\/naturalife.be\/index.php?rest_route=\/wp\/v2\/pages\/16"}],"collection":[{"href":"https:\/\/naturalife.be\/index.php?rest_route=\/wp\/v2\/pages"}],"about":[{"href":"https:\/\/naturalife.be\/index.php?rest_route=\/wp\/v2\/types\/page"}],"author":[{"embeddable":true,"href":"https:\/\/naturalife.be\/index.php?rest_route=\/wp\/v2\/users\/1"}],"replies":[{"embeddable":true,"href":"https:\/\/naturalife.be\/index.php?rest_route=%2Fwp%2Fv2%2Fcomments&post=16"}],"version-history":[{"count":10,"href":"https:\/\/naturalife.be\/index.php?rest_route=\/wp\/v2\/pages\/16\/revisions"}],"predecessor-version":[{"id":309,"href":"https:\/\/naturalife.be\/index.php?rest_route=\/wp\/v2\/pages\/16\/revisions\/309"}],"up":[{"embeddable":true,"href":"https:\/\/naturalife.be\/index.php?rest_route=\/wp\/v2\/pages\/78"}],"wp:featuredmedia":[{"embeddable":true,"href":"https:\/\/naturalife.be\/index.php?rest_route=\/wp\/v2\/media\/138"}],"wp:attachment":[{"href":"https:\/\/naturalife.be\/index.php?rest_route=%2Fwp%2Fv2%2Fmedia&parent=16"}],"curies":[{"name":"wp","href":"https:\/\/api.w.org\/{rel}","templated":true}]}}